{"id":5329,"date":"2014-02-09T18:03:34","date_gmt":"2014-02-09T17:03:34","guid":{"rendered":"https:\/\/pimpampum.info\/terraqui2024\/?page_id=5329"},"modified":"2025-04-29T10:13:06","modified_gmt":"2025-04-29T08:13:06","slug":"avis-legal","status":"publish","type":"page","link":"https:\/\/www.terraqui.com\/ca\/avis-legal\/","title":{"rendered":"Av\u00eds legal"},"content":{"rendered":"\n<h2 class=\"wp-block-heading\">1. INFORMACI\u00d3 GENERAL<\/h2>\n\n\n\n<p>En compliment del que disposa l&#8217;article 10 de la Llei 34\/2002, de l\u201911 de juliol, de Serveis de la Societat de la Informaci\u00f3 i de Comer\u00e7 Electr\u00f2nic (LSSI), s&#8217;informa als Usuaris que el titular d\u2019aquest lloc web \u00e9s:<\/p>\n\n\n\n<ul class=\"wp-block-list\">\n<li>TERRAQUI. Dret ambiental<\/li>\n\n\n\n<li>Denominaci\u00f3 social: Estudi Jur\u00eddic Ambiental, S.L.P.<\/li>\n\n\n\n<li>N.I.F.: B63748883<\/li>\n\n\n\n<li>Domicili social: Barcelona<\/li>\n\n\n\n<li>Inscrita en el Registre Mercantil de Barcelona, Tom 40665, Foli 0062, Fulla B 306670<\/li>\n<\/ul>\n\n\n\n<p>Aquest lloc web (d\u2019ara endavant, el \u201cLloc Web\u201d) t\u00e9 per finalitat proporcionar informaci\u00f3 general sobre els serveis i activitats jur\u00eddiques de TERRAQUI. Dret ambiental, sense que aix\u00f2 impliqui una relaci\u00f3 professional, contractual o assessorament jur\u00eddic de cap mena.<\/p>\n\n\n\n<h2 class=\"wp-block-heading\">2. CONDICIONS D&#8217;\u00daS<\/h2>\n\n\n\n<p>L\u2019acc\u00e9s i navegaci\u00f3 per aquest Lloc Web implica que l\u2019Usuari accepta \u00edntegrament i sense reserves les presents condicions d\u2019\u00fas, aix\u00ed com qualsevol altra disposici\u00f3 legal que sigui d\u2019aplicaci\u00f3. En cas de no acceptar aquestes condicions, l\u2019Usuari ha d\u2019abstenir-se d\u2019utilitzar el Lloc Web.<\/p>\n\n\n\n<h2 class=\"wp-block-heading\">3. PROPIETAT INTEL\u00b7LECTUAL I INDUSTRIAL<\/h2>\n\n\n\n<p>Tots els continguts del Lloc Web, incloent-hi textos, fotografies, dissenys, logotips, imatges, programari, codi font i qualsevol altre element audiovisual, s\u00f3n propietat exclusiva de TERRAQUI o de tercers que han autoritzat el seu \u00fas.<\/p>\n\n\n\n<p>Queda estrictament prohibida la reproducci\u00f3, distribuci\u00f3, transformaci\u00f3, comunicaci\u00f3 p\u00fablica, posada a disposici\u00f3, extracci\u00f3, reutilitzaci\u00f3 o qualsevol altre \u00fas no autoritzat, total o parcial, dels continguts d\u2019aquest Lloc Web, excepte en els casos legalment permesos o expressament autoritzats per TERRAQUI.<\/p>\n\n\n\n<h2 class=\"wp-block-heading\">4. LIMITACI\u00d3 DE RESPONSABILITAT<\/h2>\n\n\n\n<p>Els continguts d\u2019aquest Lloc Web tenen una finalitat merament informativa i no constitueixen assessorament jur\u00eddic. TERRAQUI no es responsabilitza de l\u2019\u00fas que els Usuaris puguin fer d\u2019aquesta informaci\u00f3, ni dels danys o perjudicis que puguin derivar-se de l\u2019acc\u00e9s, \u00fas o mala utilitzaci\u00f3 del Lloc Web.<\/p>\n\n\n\n<p>Aix\u00ed mateix, TERRAQUI no garanteix l\u2019abs\u00e8ncia de virus ni d\u2019altres elements que puguin produir alteracions en el sistema inform\u00e0tic de l\u2019Usuari, i per tant no respondr\u00e0 dels danys i perjudicis que aquests elements puguin ocasionar.<\/p>\n\n\n\n<h2 class=\"wp-block-heading\">5. PROTECCI\u00d3 DE DADES<\/h2>\n\n\n\n<p>TERRAQUI es compromet a protegir les dades personals dels Usuaris conforme a la legislaci\u00f3 vigent en mat\u00e8ria de protecci\u00f3 de dades. Per a m\u00e9s informaci\u00f3 sobre el tractament de les seves dades, consulti la nostra <a href=\"https:\/\/pimpampum.info\/terraqui2024\/ca\/politica-de-privacitat\/\">Pol\u00edtica de Privacitat<\/a>.<\/p>\n\n\n\n<h2 class=\"wp-block-heading\">6. ENLLA\u00c7OS A TERCERS<\/h2>\n\n\n\n<p>Aquest Lloc Web pot incloure enlla\u00e7os a llocs web de tercers. TERRAQUI no es fa responsable del contingut d\u2019aquests llocs ni de qualsevol dany que pugui derivar-se del seu acc\u00e9s o \u00fas. La inclusi\u00f3 d\u2019aquests enlla\u00e7os no implica que TERRAQUI aprovi o recomani els seus continguts.<\/p>\n\n\n\n<h2 class=\"wp-block-heading\">7. \u00daS ADEQUAT DEL LLOC WEB<\/h2>\n\n\n\n<p>L\u2019Usuari es compromet a utilitzar el Lloc Web conforme a la legislaci\u00f3 vigent, aquestes Condicions d\u2019\u00das, la moral, les bones costums i l\u2019ordre p\u00fablic. En particular, l\u2019Usuari s\u2019abstindr\u00e0 de:<\/p>\n\n\n\n<ul class=\"wp-block-list\">\n<li>Introduir virus inform\u00e0tics o realitzar accions que puguin danyar o alterar els continguts del Lloc Web.<\/li>\n\n\n\n<li>Accedir sense autoritzaci\u00f3 a seccions restringides del Lloc Web.<\/li>\n\n\n\n<li>Utilitzar els continguts del Lloc Web amb finalitats il\u00b7l\u00edcites, lesives dels drets de tercers o que puguin afectar negativament la imatge de TERRAQUI.<\/li>\n<\/ul>\n\n\n\n<h2 class=\"wp-block-heading\">8. MODIFICACIONS I ACTUALITZACIONS<\/h2>\n\n\n\n<p>TERRAQUI es reserva el dret de modificar, en qualsevol moment i sense previ av\u00eds, la presentaci\u00f3, configuraci\u00f3 i continguts del Lloc Web, aix\u00ed com aquestes Condicions d\u2019\u00das.<\/p>\n\n\n\n<h2 class=\"wp-block-heading\">9. LEGISLACI\u00d3 APLICABLE I JURISDICCI\u00d3<\/h2>\n\n\n\n<p>L&#8217;acc\u00e9s al Lloc Web implica l\u2019acceptaci\u00f3 de les presents Condicions d\u2019\u00das. Qualsevol controv\u00e8rsia relativa al Lloc Web es regir\u00e0 per la legislaci\u00f3 espanyola, i les parts se sotmeten expressament als Jutjats i Tribunals de la ciutat de Barcelona, amb ren\u00fancia expressa a qualsevol altre fur que els pogu\u00e9s correspondre.<\/p>\n\n\n\n<h2 class=\"wp-block-heading\">10. CONTACTE<\/h2>\n\n\n\n<p>Si l\u2019Usuari detecta errors t\u00e8cnics o continguts inapropiats, pot contactar amb TERRAQUI mitjan\u00e7ant els mitjans disponibles a la <a href=\"https:\/\/pimpampum.info\/terraqui2024\/ca\/contacte\/\">secci\u00f3 de contacte<\/a> del Lloc Web.<\/p>\n","protected":false},"excerpt":{"rendered":"<p>1. INFORMACI\u00d3 GENERAL En compliment del que disposa l&#8217;article 10 de la Llei 34\/2002, de l\u201911 de juliol, de Serveis de la Societat de la Informaci\u00f3 i de Comer\u00e7 Electr\u00f2nic (LSSI), s&#8217;informa als Usuaris que el titular d\u2019aquest lloc web \u00e9s: Aquest lloc web (d\u2019ara endavant, el \u201cLloc Web\u201d) t\u00e9 per finalitat proporcionar informaci\u00f3 general [&hellip;]<\/p>\n","protected":false},"author":1,"featured_media":0,"parent":0,"menu_order":0,"comment_status":"closed","ping_status":"closed","template":"page-with-title.php","meta":{"footnotes":""},"class_list":["post-5329","page","type-page","status-publish","hentry"],"_links":{"self":[{"href":"https:\/\/www.terraqui.com\/ca\/wp-json\/wp\/v2\/pages\/5329","targetHints":{"allow":["GET"]}}],"collection":[{"href":"https:\/\/www.terraqui.com\/ca\/wp-json\/wp\/v2\/pages"}],"about":[{"href":"https:\/\/www.terraqui.com\/ca\/wp-json\/wp\/v2\/types\/page"}],"author":[{"embeddable":true,"href":"https:\/\/www.terraqui.com\/ca\/wp-json\/wp\/v2\/users\/1"}],"replies":[{"embeddable":true,"href":"https:\/\/www.terraqui.com\/ca\/wp-json\/wp\/v2\/comments?post=5329"}],"version-history":[{"count":2,"href":"https:\/\/www.terraqui.com\/ca\/wp-json\/wp\/v2\/pages\/5329\/revisions"}],"predecessor-version":[{"id":5613,"href":"https:\/\/www.terraqui.com\/ca\/wp-json\/wp\/v2\/pages\/5329\/revisions\/5613"}],"wp:attachment":[{"href":"https:\/\/www.terraqui.com\/ca\/wp-json\/wp\/v2\/media?parent=5329"}],"curies":[{"name":"wp","href":"https:\/\/api.w.org\/{rel}","templated":true}]}}