{"id":5318,"date":"2018-06-05T14:01:50","date_gmt":"2018-06-05T12:01:50","guid":{"rendered":"https:\/\/pimpampum.info\/terraqui2024\/?page_id=5318"},"modified":"2025-04-29T10:26:25","modified_gmt":"2025-04-29T08:26:25","slug":"politica-de-privacitat","status":"publish","type":"page","link":"https:\/\/www.terraqui.com\/ca\/politica-de-privacitat\/","title":{"rendered":"Pol\u00edtica de privacitat"},"content":{"rendered":"\n<p>ESTUDI JUR\u00cdDIC AMBIENTAL, SLP (en endavant, TERRAQUI), informa les persones interessades que les seves dades seran utilitzades d\u2019acord amb les limitacions, drets i obligacions establertes pel Reglament (UE) 2016\/679 del Parlament Europeu i del Consell, de 27 d\u2019abril de 2016, relatiu a la protecci\u00f3 de les persones f\u00edsiques pel que fa al tractament de dades personals i a la lliure circulaci\u00f3 d\u2019aquestes dades, denominat Reglament General de Protecci\u00f3 de Dades (en endavant, RGPD), i per tal de donar compliment a l\u2019article 13 del RGPD s\u2019informa del seg\u00fcent:<\/p>\n\n\n\n<h2 class=\"wp-block-heading\">1. RESPONSABLE DEL TRACTAMENT<\/h2>\n\n\n\n<p>TERRAQUI: ESTUDI JUR\u00cdDIC AMBIENTAL, S.L.P.<br>C\/ Diagonal, 527, 1-1<br>08029 Barcelona<br>Tel: 934 14 63 07<br>Correu electr\u00f2nic: <a href=\"mailto:terraqui@terraqui.com\">terraqui@terraqui.com<\/a><\/p>\n\n\n\n<h2 class=\"wp-block-heading\">2. FINALITAT DEL TRACTAMENT DE DADES<\/h2>\n\n\n\n<p>Les dades facilitades pels interessats s\u2019utilitzaran per a les finalitats leg\u00edtimes previstes per TERRAQUI, que es concreten en les seg\u00fcents:<\/p>\n\n\n\n<ol start=\"1\" class=\"wp-block-list\">\n<li>Contactar amb l\u2019interessat per donar resposta a les seves sol\u00b7licituds, peticions o consultes.<\/li>\n\n\n\n<li>Gesti\u00f3 de l\u2019administraci\u00f3 comptable, facturaci\u00f3 i cobrament dels serveis contractats.<\/li>\n\n\n\n<li>Gesti\u00f3 de la informaci\u00f3 proporcionada per l\u2019interessat per oferir-li productes i serveis de manera personalitzada.<\/li>\n\n\n\n<li>Contactar i oferir a l\u2019interessat informaci\u00f3 de car\u00e0cter comercial i publicitari sobre ofertes i serveis que puguin ser del seu inter\u00e8s.<\/li>\n<\/ol>\n\n\n\n<h2 class=\"wp-block-heading\">3. LEGITIMACI\u00d3 PER AL TRACTAMENT DE DADES<\/h2>\n\n\n\n<p>La base legal per al tractament de les dades dels interessats per a les finalitats 1 a 4 \u00e9s l\u2019execuci\u00f3 de la relaci\u00f3 contractual corresponent.<\/p>\n\n\n\n<p>La comunicaci\u00f3 d\u2019ofertes i serveis als clients de TERRAQUI t\u00e9 com a base la satisfacci\u00f3 de l\u2019inter\u00e8s leg\u00edtim empresarial consistent en poder oferir als nostres clients la contractaci\u00f3 d\u2019altres productes amb l\u2019objectiu de la seva fidelitzaci\u00f3. L\u2019inter\u00e8s leg\u00edtim previst en el RGPD permet expressament el tractament de dades personals amb aquesta finalitat.<\/p>\n\n\n\n<p>Com a base de legitimaci\u00f3 per a l\u2019enviament de comunicacions comercials a interessats que no siguin clients es requereix el consentiment obtingut de forma expressa i inequ\u00edvoca.<\/p>\n\n\n\n<p>En tot cas, teniu dret a oposar-vos al tractament de les vostres dades, d\u2019acord amb el que es descriu en aquesta Pol\u00edtica.<\/p>\n\n\n\n<h2 class=\"wp-block-heading\">4. DESTINATARIS I COMUNICACI\u00d3 DE DADES<\/h2>\n\n\n\n<p>Les dades dels interessats no seran cedides a tercers.<\/p>\n\n\n\n<p>En el seu cas, les dades podran ser comunicades \u00fanicament a les Administracions P\u00fabliques i en els casos previstos per les Lleis que siguin d\u2019aplicaci\u00f3.<\/p>\n\n\n\n<h2 class=\"wp-block-heading\">5. DURADA DEL TRACTAMENT DE DADES<\/h2>\n\n\n\n<p>Les dades per a la gesti\u00f3 de la relaci\u00f3 amb els clients, facturaci\u00f3, cobraments, etc., es conservaran durant tot el temps en qu\u00e8 el contracte estigui vigent. Finalitzada la relaci\u00f3 contractual, les dades hauran de conservar-se durant el temps exigit per la legislaci\u00f3 aplicable i fins que prescriguin les eventuals responsabilitats derivades del contracte.<\/p>\n\n\n\n<p>Les dades per a l\u2019enviament de comunicacions comercials, elaboraci\u00f3 de perfils comercials i de serveis es conservaran indefinidament fins que, si escau, es manifesti la voluntat de supressi\u00f3.<\/p>\n\n\n\n<h2 class=\"wp-block-heading\">6. MESURES DE SEGURETAT<\/h2>\n\n\n\n<p>TERRAQUI ha adoptat les mesures t\u00e8cniques i organitzatives necess\u00e0ries que garanteixin la seguretat de les dades de car\u00e0cter personal i evitin la seva alteraci\u00f3, p\u00e8rdua, tractament o acc\u00e9s no autoritzat, conforme al que estableix l\u2019article 32 del RGPD.<\/p>\n\n\n\n<h2 class=\"wp-block-heading\">7. DRETS DELS INTERESSATS<\/h2>\n\n\n\n<p>TERRAQUI garanteix a les persones interessades l\u2019exercici dels seg\u00fcents drets:<\/p>\n\n\n\n<ul class=\"wp-block-list\">\n<li><strong>Acc\u00e9s i rectificaci\u00f3<\/strong>: dret a obtenir confirmaci\u00f3 sobre si estem tractant dades personals i a accedir a les seves dades personals, aix\u00ed com a sol\u00b7licitar-ne la rectificaci\u00f3 si s\u00f3n inexactes.<\/li>\n\n\n\n<li><strong>Supressi\u00f3<\/strong>: sol\u00b7licitar la seva supressi\u00f3 quan, entre altres motius, les dades ja no siguin necess\u00e0ries per a les finalitats per a les quals van ser recollides.<\/li>\n\n\n\n<li>&nbsp;<strong>Limitaci\u00f3 del tractament<\/strong>: els interessats poden sol\u00b7licitar la limitaci\u00f3 del tractament de les seves dades o la seva portabilitat; en aquest cas, nom\u00e9s les conservarem per a l\u2019exercici o la defensa de reclamacions.<\/li>\n\n\n\n<li><strong>Oposici\u00f3<\/strong>: els interessats poden oposar-se al tractament de les seves dades en determinades situacions previstes pel RGPD. En aquests sup\u00f2sits, deixarem de tractar les dades o, si escau, deixarem de fer-ho per a aquesta finalitat concreta, excepte per motius leg\u00edtims o per a l\u2019exercici o la defensa de possibles reclamacions.<\/li>\n\n\n\n<li><strong>Portabilitat<\/strong>: podeu sol\u00b7licitar la desc\u00e0rrega de les vostres dades personals per a la seva portabilitat, aix\u00ed com la seva transmissi\u00f3 a una altra entitat.<\/li>\n<\/ul>\n\n\n\n<p>Els drets descrits poden exercir-se davant TERRAQUI a trav\u00e9s del correu electr\u00f2nic indicat a l\u2019apartat \u201cResponsable del tractament\u201d d\u2019aquesta Pol\u00edtica de Privacitat, on se us informar\u00e0 adequadament per al seu exercici.<\/p>\n\n\n\n<h2 class=\"wp-block-heading\">8. TUTELA DE DRETS<\/h2>\n\n\n\n<p>Davant qualsevol vulneraci\u00f3 dels vostres drets, especialment si no heu obtingut satisfacci\u00f3 en el seu exercici, podeu presentar una reclamaci\u00f3 davant l\u2019Ag\u00e8ncia Espanyola de Protecci\u00f3 de Dades (<a href=\"https:\/\/www.aepd.es\/\" target=\"_blank\" rel=\"noreferrer noopener nofollow\">www.aepd.es<\/a>) o una altra autoritat de control competent. Tamb\u00e9 podeu obtenir m\u00e9s informaci\u00f3 sobre els drets que us assisteixen dirigint-vos a aquests organismes.<\/p>\n","protected":false},"excerpt":{"rendered":"<p>ESTUDI JUR\u00cdDIC AMBIENTAL, SLP (en endavant, TERRAQUI), informa les persones interessades que les seves dades seran utilitzades d\u2019acord amb les limitacions, drets i obligacions establertes pel Reglament (UE) 2016\/679 del Parlament Europeu i del Consell, de 27 d\u2019abril de 2016, relatiu a la protecci\u00f3 de les persones f\u00edsiques pel que fa al tractament de dades [&hellip;]<\/p>\n","protected":false},"author":1,"featured_media":0,"parent":0,"menu_order":0,"comment_status":"closed","ping_status":"closed","template":"page-with-title.php","meta":{"footnotes":""},"class_list":["post-5318","page","type-page","status-publish","hentry"],"_links":{"self":[{"href":"https:\/\/www.terraqui.com\/ca\/wp-json\/wp\/v2\/pages\/5318","targetHints":{"allow":["GET"]}}],"collection":[{"href":"https:\/\/www.terraqui.com\/ca\/wp-json\/wp\/v2\/pages"}],"about":[{"href":"https:\/\/www.terraqui.com\/ca\/wp-json\/wp\/v2\/types\/page"}],"author":[{"embeddable":true,"href":"https:\/\/www.terraqui.com\/ca\/wp-json\/wp\/v2\/users\/1"}],"replies":[{"embeddable":true,"href":"https:\/\/www.terraqui.com\/ca\/wp-json\/wp\/v2\/comments?post=5318"}],"version-history":[{"count":3,"href":"https:\/\/www.terraqui.com\/ca\/wp-json\/wp\/v2\/pages\/5318\/revisions"}],"predecessor-version":[{"id":5628,"href":"https:\/\/www.terraqui.com\/ca\/wp-json\/wp\/v2\/pages\/5318\/revisions\/5628"}],"wp:attachment":[{"href":"https:\/\/www.terraqui.com\/ca\/wp-json\/wp\/v2\/media?parent=5318"}],"curies":[{"name":"wp","href":"https:\/\/api.w.org\/{rel}","templated":true}]}}