{"id":5314,"date":"2025-02-24T17:37:12","date_gmt":"2025-02-24T16:37:12","guid":{"rendered":"https:\/\/pimpampum.info\/terraqui2024\/?page_id=5314"},"modified":"2025-04-29T12:36:58","modified_gmt":"2025-04-29T10:36:58","slug":"politica-de-cookies","status":"publish","type":"page","link":"https:\/\/www.terraqui.com\/ca\/politica-de-cookies\/","title":{"rendered":"Pol\u00edtica de cookies"},"content":{"rendered":"\n<h2 class=\"wp-block-heading\">1. QU\u00c8 S\u00d3N LES COOKIES?<\/h2>\n\n\n\n<p>Les cookies s\u00f3n fitxers que es poden descarregar al teu dispositiu a trav\u00e9s de les p\u00e0gines web que visites. S\u00f3n eines essencials per a la prestaci\u00f3 de diversos serveis en la societat de la informaci\u00f3. Per exemple, permeten a una p\u00e0gina web emmagatzemar i recuperar informaci\u00f3 sobre els h\u00e0bits de navegaci\u00f3 de l\u2019usuari o del seu dispositiu i, depenent de la informaci\u00f3 obtinguda, poden utilitzar-se per recon\u00e8ixer l\u2019usuari i millorar el servei ofert.<\/p>\n\n\n\n<h2 class=\"wp-block-heading\">2. TIPUS DE COOKIES<\/h2>\n\n\n\n<p>Segons l\u2019entitat que gestioni el domini des d\u2019on s\u2019envien les cookies i tracti les dades que s\u2019obtenen, es distingeixen:<\/p>\n\n\n\n<ul class=\"wp-block-list\">\n<li><strong>Cookies pr\u00f2pies<\/strong>: Enviades al dispositiu de l\u2019usuari des d\u2019un domini gestionat pel mateix editor del lloc web.<\/li>\n\n\n\n<li><strong>Cookies de tercers<\/strong>: Enviades al dispositiu de l\u2019usuari des d\u2019un domini no gestionat per l\u2019editor, sin\u00f3 per una altra entitat que tracta les dades obtingudes.<\/li>\n<\/ul>\n\n\n\n<p>Segons el temps que romanen actives:<\/p>\n\n\n\n<ul class=\"wp-block-list\">\n<li><strong>Cookies de sessi\u00f3<\/strong>: Recullen i emmagatzemen dades mentre l\u2019usuari accedeix a una p\u00e0gina web. S\u2019utilitzen habitualment per emmagatzemar informaci\u00f3 rellevant per a la prestaci\u00f3 del servei sol\u00b7licitat en una sola ocasi\u00f3. S\u2019eliminen en tancar el navegador o la sessi\u00f3.<\/li>\n\n\n\n<li><strong>Cookies persistents<\/strong>: Les dades romanen emmagatzemades al terminal i poden ser accedides i tractades durant un per\u00edode definit pel responsable de la cookie, que pot anar des d\u2019uns minuts fins a diversos anys.<\/li>\n<\/ul>\n\n\n\n<p>Segons la seva finalitat:<\/p>\n\n\n\n<ul class=\"wp-block-list\">\n<li><strong>Cookies t\u00e8cniques<\/strong>: Permeten a l\u2019usuari la navegaci\u00f3 pel lloc web, aix\u00ed com l\u2019\u00fas de diferents opcions o serveis com ara identificar la sessi\u00f3 o accedir a zones restringides.<\/li>\n\n\n\n<li><strong>Cookies de personalitzaci\u00f3<\/strong>: Permeten a l\u2019usuari accedir al servei amb caracter\u00edstiques generals predefinides com l\u2019idioma o el tipus de navegador.<\/li>\n\n\n\n<li><strong>Cookies d\u2019an\u00e0lisi<\/strong>: Permeten el seguiment i an\u00e0lisi del comportament dels usuaris. La informaci\u00f3 s\u2019utilitza per mesurar l\u2019activitat del lloc web i elaborar perfils de navegaci\u00f3.<\/li>\n\n\n\n<li><strong>Cookies publicit\u00e0ries<\/strong>: Permeten gestionar de manera efica\u00e7 els espais publicitaris.<\/li>\n\n\n\n<li><strong>Cookies de publicitat comportamental<\/strong>: Emmagatzemen informaci\u00f3 sobre el comportament dels usuaris obtinguda mitjan\u00e7ant l\u2019observaci\u00f3 continuada dels seus h\u00e0bits de navegaci\u00f3, permetent desenvolupar un perfil espec\u00edfic i mostrar publicitat adaptada al mateix.<\/li>\n<\/ul>\n\n\n\n<p>Per a m\u00e9s informaci\u00f3 sobre les cookies, pots consultar l\u2019Ag\u00e8ncia Espanyola de Protecci\u00f3 de Dades (<a href=\"https:\/\/www.aepd.es\/\" target=\"_blank\" rel=\"noreferrer noopener nofollow\">https:\/\/www.aepd.es<\/a>).<\/p>\n\n\n\n<h3 class=\"wp-block-heading\">Cookies utilitzades a www.terraqui.com<\/h3>\n\n\n\n<figure class=\"wp-block-table\"><table class=\"has-fixed-layout\"><thead><tr><th><strong>Nom de la Cookie<\/strong><\/th><th>Tipus<\/th><th>Finalitat<\/th><th>Durada<\/th><th>Titularitat<\/th><\/tr><\/thead><tbody><tr><td>_ga_<\/td><td>anal\u00edtica (Google)<\/td><td>Distingir usuaris i mesurar com naveguen pel lloc (Google Analytics 4).<\/td><td>1 any<\/td><td>tercers (google)<\/td><\/tr><tr><td>_ga_<\/td><td>anal\u00edtica (Google)<\/td><td>Com l&#8217;anterior: identifica el visitant per elaborar estad\u00edstiques.<\/td><td>1 any<\/td><td>tercers (google)<\/td><\/tr><tr><td>_gid<\/td><td>anal\u00edtica (Google)<\/td><td>Compta visites per p\u00e0gina<\/td><td>1 dia<\/td><td>tercers (google)<\/td><\/tr><tr><td>_gat<\/td><td>anal\u00edtica (Google)<\/td><td>Limita la velocitat de peticions<\/td><td>1 minut<\/td><td>tercers (google)<\/td><\/tr><tr><td>klaro<\/td><td>funcional<\/td><td>Guarda les prefer\u00e8ncies de consentiment del banner de cookies.<\/td><td>11 mesos<\/td><td>pr\u00f2pia<\/td><\/tr><tr><td>_viewed_cookie_policy<\/td><td>T\u00e8cnica<br><\/td><td>Evita mostrar l&#8217;av\u00eds de galetes repetidament<br><\/td><td>Persistent<br><\/td><td>pr\u00f2pia<\/td><\/tr><tr><td>wp-wpml_current_admin_language_<\/td><td>t\u00e8cnica<\/td><td>determina l&#8217;idioma de l&#8217;usuari.<\/td><td>Sessi\u00f3<\/td><td>pr\u00f2pia<\/td><\/tr><tr><td>wp-wpml_current_language<\/td><td>t\u00e8cnica<\/td><td>determina l&#8217;idioma de l&#8217;usuari.<\/td><td>Sessi\u00f3<\/td><td>pr\u00f2pia<\/td><\/tr><\/tbody><\/table><\/figure>\n","protected":false},"excerpt":{"rendered":"<p>1. QU\u00c8 S\u00d3N LES COOKIES? Les cookies s\u00f3n fitxers que es poden descarregar al teu dispositiu a trav\u00e9s de les p\u00e0gines web que visites. S\u00f3n eines essencials per a la prestaci\u00f3 de diversos serveis en la societat de la informaci\u00f3. Per exemple, permeten a una p\u00e0gina web emmagatzemar i recuperar informaci\u00f3 sobre els h\u00e0bits de [&hellip;]<\/p>\n","protected":false},"author":1,"featured_media":0,"parent":0,"menu_order":0,"comment_status":"closed","ping_status":"closed","template":"page-with-title.php","meta":{"footnotes":""},"class_list":["post-5314","page","type-page","status-publish","hentry"],"_links":{"self":[{"href":"https:\/\/www.terraqui.com\/ca\/wp-json\/wp\/v2\/pages\/5314","targetHints":{"allow":["GET"]}}],"collection":[{"href":"https:\/\/www.terraqui.com\/ca\/wp-json\/wp\/v2\/pages"}],"about":[{"href":"https:\/\/www.terraqui.com\/ca\/wp-json\/wp\/v2\/types\/page"}],"author":[{"embeddable":true,"href":"https:\/\/www.terraqui.com\/ca\/wp-json\/wp\/v2\/users\/1"}],"replies":[{"embeddable":true,"href":"https:\/\/www.terraqui.com\/ca\/wp-json\/wp\/v2\/comments?post=5314"}],"version-history":[{"count":7,"href":"https:\/\/www.terraqui.com\/ca\/wp-json\/wp\/v2\/pages\/5314\/revisions"}],"predecessor-version":[{"id":5644,"href":"https:\/\/www.terraqui.com\/ca\/wp-json\/wp\/v2\/pages\/5314\/revisions\/5644"}],"wp:attachment":[{"href":"https:\/\/www.terraqui.com\/ca\/wp-json\/wp\/v2\/media?parent=5314"}],"curies":[{"name":"wp","href":"https:\/\/api.w.org\/{rel}","templated":true}]}}