{"id":5159,"date":"2025-02-19T10:50:31","date_gmt":"2025-02-19T09:50:31","guid":{"rendered":"https:\/\/pimpampum.info\/terraqui2024\/servicios\/"},"modified":"2025-03-25T11:04:54","modified_gmt":"2025-03-25T10:04:54","slug":"serveis","status":"publish","type":"page","link":"https:\/\/www.terraqui.com\/ca\/serveis\/","title":{"rendered":"Serveis"},"content":{"rendered":"\n<div class=\"wp-block-group pagina-intro\"><div class=\"wp-block-group__inner-container is-layout-constrained wp-block-group-is-layout-constrained\">\n<p class=\"intro-pagina-titol\">Terraqui destaca per la seva experi\u00e8ncia i especialitzaci\u00f3 en dret ambiental.<\/p>\n\n\n\n<div class=\"wp-block-group intro-pagina-txt\"><div class=\"wp-block-group__inner-container is-layout-constrained wp-block-group-is-layout-constrained\">\n<p>Des de 1996 oferim serveis d&#8217;assessorament, defensa i formaci\u00f3 sobre dret ambiental per a empreses, administracions p\u00fabliques, particulars, associacions i altres entitats.<\/p>\n\n\n\n<h2 class=\"wp-block-heading\">Ens comprometem amb l&#8217;estudi rigor\u00f3s de cada cas<\/h2>\n\n\n\n<p>Entenem la import\u00e0ncia de con\u00e8ixer a fons l&#8217;activitat dels nostres clients per oferir solucions jur\u00eddiques adaptades a les seves necessitats espec\u00edfiques.<\/p>\n\n\n\n<h2 class=\"wp-block-heading\">Col\u00b7laborem amb equips t\u00e8cnics especialitzats<\/h2>\n\n\n\n<p>Com que la legislaci\u00f3 ambiental t\u00e9 un fort component t\u00e8cnic, col\u00b7laborem amb altres equips t\u00e8cnics especialitzats per oferir solucions integrals i efectives.<\/p>\n\n\n\n<h2 class=\"wp-block-heading\">Ajudem a entendre i aplicar la normativa ambiental<\/h2>\n\n\n\n<p>Traslladem el nostre coneixement sobre el dret ambiental a institucions acad\u00e8miques i altres entitats per a les quals dissenyem i realitzem formacions a mida.<br><\/p>\n<\/div><\/div>\n<\/div><\/div>\n","protected":false},"excerpt":{"rendered":"<p>Terraqui destaca per la seva experi\u00e8ncia i especialitzaci\u00f3 en dret ambiental. Des de 1996 oferim serveis d&#8217;assessorament, defensa i formaci\u00f3 sobre dret ambiental per a empreses, administracions p\u00fabliques, particulars, associacions i altres entitats.<\/p>\n","protected":false},"author":1,"featured_media":0,"parent":0,"menu_order":0,"comment_status":"closed","ping_status":"closed","template":"page-servicios.php","meta":{"footnotes":""},"class_list":["post-5159","page","type-page","status-publish","hentry"],"_links":{"self":[{"href":"https:\/\/www.terraqui.com\/ca\/wp-json\/wp\/v2\/pages\/5159","targetHints":{"allow":["GET"]}}],"collection":[{"href":"https:\/\/www.terraqui.com\/ca\/wp-json\/wp\/v2\/pages"}],"about":[{"href":"https:\/\/www.terraqui.com\/ca\/wp-json\/wp\/v2\/types\/page"}],"author":[{"embeddable":true,"href":"https:\/\/www.terraqui.com\/ca\/wp-json\/wp\/v2\/users\/1"}],"replies":[{"embeddable":true,"href":"https:\/\/www.terraqui.com\/ca\/wp-json\/wp\/v2\/comments?post=5159"}],"version-history":[{"count":5,"href":"https:\/\/www.terraqui.com\/ca\/wp-json\/wp\/v2\/pages\/5159\/revisions"}],"predecessor-version":[{"id":5443,"href":"https:\/\/www.terraqui.com\/ca\/wp-json\/wp\/v2\/pages\/5159\/revisions\/5443"}],"wp:attachment":[{"href":"https:\/\/www.terraqui.com\/ca\/wp-json\/wp\/v2\/media?parent=5159"}],"curies":[{"name":"wp","href":"https:\/\/api.w.org\/{rel}","templated":true}]}}