{"id":5110,"date":"2025-02-10T10:59:03","date_gmt":"2025-02-10T09:59:03","guid":{"rendered":"https:\/\/pimpampum.info\/terraqui2024\/equipo\/"},"modified":"2025-02-26T10:52:53","modified_gmt":"2025-02-26T09:52:53","slug":"qui-som","status":"publish","type":"page","link":"https:\/\/www.terraqui.com\/ca\/qui-som\/","title":{"rendered":"Qui som"},"content":{"rendered":"\n<div class=\"wp-block-group pagina-intro\"><div class=\"wp-block-group__inner-container is-layout-constrained wp-block-group-is-layout-constrained\">\n<h2 class=\"wp-block-heading intro-pagina-titol\">Som un equip de professionals amb vocaci\u00f3 pel dret ambiental.<\/h2>\n\n\n\n<div class=\"wp-block-group intro-pagina-txt\"><div class=\"wp-block-group__inner-container is-layout-constrained wp-block-group-is-layout-constrained\">\n<p>Comptem amb una \u00e0mplia xarxa de contactes i col\u00b7laborem estretament amb equips t\u00e8cnics especialitzats en diverses \u00e0rees ambientals. Aix\u00ed, podem oferir als nostres clients solucions completes i adaptades a les seves necessitats espec\u00edfiques.<\/p>\n<\/div><\/div>\n<\/div><\/div>\n\n\n    <div class=\"grid-teasers grid-equip\">\n        <article class=\"teaser-equip\">\n    <img decoding=\"async\" width=\"1000\" height=\"1333\" src=\"https:\/\/www.terraqui.com\/wp\/wp-content\/uploads\/2025\/04\/Christian-Morron-Team.jpg\" class=\"attachment-medium size-medium wp-post-image\" alt=\"Christian Morron Lingl\" \/>    <div class=\"teaser-equip-info\">\n        <h2><a href=\"https:\/\/www.terraqui.com\/ca\/equip\/christian-morron-lingl\/\">Christian Morron Lingl<\/a><\/h2>\n        \n    <ul class=\"equip-perfil\">\n        <li>Advocat<\/li>    <\/ul>\n        <\/div>\n\n    <div class=\"teaser-equip-over\">\n                    <blockquote>El rigor en l&#039;estudi de cada cas, la perseveran\u00e7a en l&#039;actualitzaci\u00f3 cont\u00ednua del dret ambiental i la implicaci\u00f3 amb el client s\u00f3n les fonts sobre les quals vaig fundar Terraqui i les mateixes que continuen mantenint el seu esperit.<\/blockquote>\n            <\/div>\n<\/article><article class=\"teaser-equip\">\n    <img decoding=\"async\" width=\"1000\" height=\"1333\" src=\"https:\/\/www.terraqui.com\/wp\/wp-content\/uploads\/2025\/04\/Laia-Soriano-Montagut-Team.jpg\" class=\"attachment-medium size-medium wp-post-image\" alt=\"Laia Soriano-Montagut Jen\u00e9\" \/>    <div class=\"teaser-equip-info\">\n        <h2><a href=\"https:\/\/www.terraqui.com\/ca\/equip\/laia-soriano-montagut-jene\/\">Laia Soriano-Montagut Jen\u00e9<\/a><\/h2>\n        \n    <ul class=\"equip-perfil\">\n        <li>Advocada<\/li><li>T\u00e8cnica urbanista<\/li>    <\/ul>\n        <\/div>\n\n    <div class=\"teaser-equip-over\">\n                    <blockquote>El meu esperit anal\u00edtic global em va ensenyar que els detalls s\u00f3n la clau per a la resoluci\u00f3 de conflictes.<\/blockquote>\n            <\/div>\n<\/article><article class=\"teaser-equip\">\n        <div class=\"teaser-equip-info\">\n        <h2><a href=\"https:\/\/www.terraqui.com\/ca\/equip\/anna-prieto-sirvent\/\">Anna Prieto Sirvent<\/a><\/h2>\n        \n    <ul class=\"equip-perfil\">\n        <li>Administraci\u00f3<\/li>    <\/ul>\n        <\/div>\n\n    <div class=\"teaser-equip-over\">\n                    <blockquote>Assistir amb autonomia per facilitar la feina a l&#039;equip de Terraqui, als seus clients i col\u00b7laboradors, aix\u00ed com generar confian\u00e7a, \u00e9s el que d\u00f3na sentit a la meva tasca professional.<\/blockquote>\n            <\/div>\n<\/article>    <\/div>\n    \n","protected":false},"excerpt":{"rendered":"","protected":false},"author":1,"featured_media":0,"parent":0,"menu_order":0,"comment_status":"closed","ping_status":"closed","template":"","meta":{"footnotes":""},"class_list":["post-5110","page","type-page","status-publish","hentry"],"_links":{"self":[{"href":"https:\/\/www.terraqui.com\/ca\/wp-json\/wp\/v2\/pages\/5110","targetHints":{"allow":["GET"]}}],"collection":[{"href":"https:\/\/www.terraqui.com\/ca\/wp-json\/wp\/v2\/pages"}],"about":[{"href":"https:\/\/www.terraqui.com\/ca\/wp-json\/wp\/v2\/types\/page"}],"author":[{"embeddable":true,"href":"https:\/\/www.terraqui.com\/ca\/wp-json\/wp\/v2\/users\/1"}],"replies":[{"embeddable":true,"href":"https:\/\/www.terraqui.com\/ca\/wp-json\/wp\/v2\/comments?post=5110"}],"version-history":[{"count":2,"href":"https:\/\/www.terraqui.com\/ca\/wp-json\/wp\/v2\/pages\/5110\/revisions"}],"predecessor-version":[{"id":5229,"href":"https:\/\/www.terraqui.com\/ca\/wp-json\/wp\/v2\/pages\/5110\/revisions\/5229"}],"wp:attachment":[{"href":"https:\/\/www.terraqui.com\/ca\/wp-json\/wp\/v2\/media?parent=5110"}],"curies":[{"name":"wp","href":"https:\/\/api.w.org\/{rel}","templated":true}]}}