{"id":5101,"date":"2024-12-10T12:50:10","date_gmt":"2024-12-10T11:50:10","guid":{"rendered":"https:\/\/pimpampum.info\/terraqui2024\/inicio\/"},"modified":"2025-05-27T08:22:33","modified_gmt":"2025-05-27T06:22:33","slug":"inicio","status":"publish","type":"page","link":"https:\/\/www.terraqui.com\/ca\/","title":{"rendered":"Inici"},"content":{"rendered":"\n<div class=\"wp-block-group top-home\"><div class=\"wp-block-group__inner-container is-layout-constrained wp-block-group-is-layout-constrained\">\n<div class=\"wp-block-group wrap\"><div class=\"wp-block-group__inner-container is-layout-constrained wp-block-group-is-layout-constrained\">\n<h2 class=\"wp-block-heading\">Despatx d\u2019advocacia especialitzat en dret ambiental<\/h2>\n<\/div><\/div>\n<\/div><\/div>\n\n\n<div class=\"carousel-home-container\"><div class=\"carousel-home\"><div class=\"carousel-item\">\n            <div class=\"carousel-image\">\n            <img decoding=\"async\" width=\"960\" height=\"920\" src=\"https:\/\/www.terraqui.com\/wp\/wp-content\/uploads\/2025\/02\/1-asesoramiento.jpg\" class=\"attachment-full size-full wp-post-image\" alt=\"\" \/>        <\/div>\n        <div class=\"carousel-content\">\n\n        <div class=\"carousel-text\">\n            \n<p>Proporcionem assessorament per a la gesti\u00f3 ambiental d&#8217;empreses i administracions p\u00fabliques i participem en l&#8217;elaboraci\u00f3 de normativa ambiental<\/p>\n\n\n\n<p><a href=\"https:\/\/www.terraqui.com\/ca\/serveis\/\">Serveis<\/a><\/p>\n        <\/div>\n    <\/div>\n<\/div><div class=\"carousel-item\">\n            <div class=\"carousel-image\">\n            <img decoding=\"async\" width=\"960\" height=\"920\" src=\"https:\/\/www.terraqui.com\/wp\/wp-content\/uploads\/2025\/02\/2-defensa.jpg\" class=\"attachment-full size-full wp-post-image\" alt=\"\" \/>        <\/div>\n        <div class=\"carousel-content\">\n\n        <div class=\"carousel-text\">\n            \n<p>Intervenim per a la defensa dels nostres clients en procediments administratius i judicials relacionats amb el dret ambiental<\/p>\n\n\n\n<p><a href=\"https:\/\/www.terraqui.com\/ca\/serveis\/\">Serveis<\/a><\/p>\n        <\/div>\n    <\/div>\n<\/div><div class=\"carousel-item\">\n            <div class=\"carousel-image\">\n            <img decoding=\"async\" width=\"960\" height=\"920\" src=\"https:\/\/www.terraqui.com\/wp\/wp-content\/uploads\/2025\/02\/3-conocimiento.jpg\" class=\"attachment-full size-full wp-post-image\" alt=\"\" \/>        <\/div>\n        <div class=\"carousel-content\">\n\n        <div class=\"carousel-text\">\n            \n<p>Generem coneixement per identificar oportunitats estrat\u00e8giques, ajudar a entendre la normativa ambiental i millorar-ne l&#8217;aplicaci\u00f3<\/p>\n\n\n\n<p><a href=\"https:\/\/www.terraqui.com\/ca\/serveis\/\">Serveis<\/a><\/p>\n        <\/div>\n    <\/div>\n<\/div><\/div><div class=\"slide-count\">1\/3<\/div><\/div><\/div>\n\n\n\n<div id=\"home-slogan\" class=\"wp-block-group\"><div class=\"wp-block-group__inner-container is-layout-constrained wp-block-group-is-layout-constrained\">\n<p class=\"wrap\">Generem coneixement jur\u00eddic per a la sostenibilitat<\/p>\n<\/div><\/div>\n\n\n        <section class=\"bloc-relacionats\">\n\n            <div class=\"bloc-relacionats-header wrap\"><h2>Not\u00edcies i articles destacats<\/h2>\n            <p class=\"ver-mas boto\"><a href=\"https:\/\/www.terraqui.com\/ca\/actualidad\/\">Veure m\u00e9s<\/a><\/p>\n            <\/div>\n\n        <div class=\"grid-teasers\">\n<article id=\"post-10004\" class=\"teaser-article post-10004 post type-post status-publish format-standard has-post-thumbnail hentry category-adaptacion-climatica category-energia category-evaluacion category-evaluacion-ambiental-estrategica category-evaluacion-de-riesgos category-informacion-ambiental category-participacion-y-acceso category-sin-categorizar tag-cambio-climatico categoria_terraqui-terraqui tipo_de_entrada-articulos tipo_de_entrada-destacado\">\n    <div class=\"teaser-media\">\n       <a href=\"https:\/\/www.terraqui.com\/ca\/actualidad\/la-ley-del-clima-de-galicia-claves-para-la-transformacion-ambiental-del-territorio\/\" rel=\"bookmark\"><img decoding=\"async\" width=\"654\" height=\"405\" src=\"https:\/\/www.terraqui.com\/wp\/wp-content\/uploads\/2026\/03\/javier-balseiro-2BAzVezXatI-unsplash-654x405.jpg\" class=\"attachment-thumbnail size-thumbnail wp-post-image\" alt=\"\" \/><\/a> \n        <div class=\"teaser-tipus\">\n            <a style=\"background-image:url(https:\/\/www.terraqui.com\/wp\/wp-content\/uploads\/2026\/03\/javier-balseiro-2BAzVezXatI-unsplash-654x405.jpg);\" href=\"https:\/\/www.terraqui.com\/tipo-de-entrada\/articulos\/\">Art\u00edculo<\/a>         <\/div>\n\n        <p class=\"teaser-llegir-mes\">\n            <a href=\"https:\/\/www.terraqui.com\/ca\/actualidad\/la-ley-del-clima-de-galicia-claves-para-la-transformacion-ambiental-del-territorio\/\" rel=\"bookmark\">Llegir m\u00e9s<\/a>\n        <\/p>\n    <\/div>\n\n    <!-- .entry-tipo-de-entrada -->\n    <header class=\"teaser-header\">\n        <div class=\"post-data\">\n            <time datetime=\"2026-03-20T12:09:58+01:00\">20.03.2026<\/time>        <\/div><!-- .entry-meta -->\n\n        <h2 class=\"teaser-titol\">\n            <a href=\"https:\/\/www.terraqui.com\/ca\/actualidad\/la-ley-del-clima-de-galicia-claves-para-la-transformacion-ambiental-del-territorio\/\" rel=\"bookmark\">La Ley del Clima de Galicia: Claves para la Transformaci\u00f3n Ambiental del Territorio<\/a>\n        <\/h2>\n    <\/header><!-- .entry-header -->\n\n    <div class=\"post-categories\">\n        <ul><\/ul>    <\/div><!-- .entry-categories -->\n<\/article><!-- #post-10004 -->\n<article id=\"post-9910\" class=\"teaser-article post-9910 post type-post status-publish format-standard has-post-thumbnail hentry category-derecho-ambiental category-evaluacion-ambiental-estrategica category-urbanismo categoria_terraqui-terraqui tipo_de_entrada-articulos tipo_de_entrada-destacado\">\n    <div class=\"teaser-media\">\n       <a href=\"https:\/\/www.terraqui.com\/ca\/actualidad\/proyectos-de-especial-interes-estrategico-en-baleares-implicaciones-y-retos-del-decreto-ley-8-2025-especial-atencion-a-cuestiones-ambientales-y-urbanisticas\/\" rel=\"bookmark\"><img decoding=\"async\" width=\"654\" height=\"405\" src=\"https:\/\/www.terraqui.com\/wp\/wp-content\/uploads\/2026\/02\/tom-lorber-X0-GVpl3OkA-unsplash-1-6-654x405.jpg\" class=\"attachment-thumbnail size-thumbnail wp-post-image\" alt=\"\" \/><\/a> \n        <div class=\"teaser-tipus\">\n            <a style=\"background-image:url(https:\/\/www.terraqui.com\/wp\/wp-content\/uploads\/2026\/02\/tom-lorber-X0-GVpl3OkA-unsplash-1-6-654x405.jpg);\" href=\"https:\/\/www.terraqui.com\/tipo-de-entrada\/articulos\/\">Art\u00edculo<\/a>         <\/div>\n\n        <p class=\"teaser-llegir-mes\">\n            <a href=\"https:\/\/www.terraqui.com\/ca\/actualidad\/proyectos-de-especial-interes-estrategico-en-baleares-implicaciones-y-retos-del-decreto-ley-8-2025-especial-atencion-a-cuestiones-ambientales-y-urbanisticas\/\" rel=\"bookmark\">Llegir m\u00e9s<\/a>\n        <\/p>\n    <\/div>\n\n    <!-- .entry-tipo-de-entrada -->\n    <header class=\"teaser-header\">\n        <div class=\"post-data\">\n            <time datetime=\"2026-02-05T13:57:50+01:00\">05.02.2026<\/time>        <\/div><!-- .entry-meta -->\n\n        <h2 class=\"teaser-titol\">\n            <a href=\"https:\/\/www.terraqui.com\/ca\/actualidad\/proyectos-de-especial-interes-estrategico-en-baleares-implicaciones-y-retos-del-decreto-ley-8-2025-especial-atencion-a-cuestiones-ambientales-y-urbanisticas\/\" rel=\"bookmark\">Proyectos de Especial Inter\u00e9s Estrat\u00e9gico en Baleares: implicaciones y retos del Decreto-ley 8\/2025, especial atenci\u00f3n a cuestiones ambientales y urban\u00edsticas.<\/a>\n        <\/h2>\n    <\/header><!-- .entry-header -->\n\n    <div class=\"post-categories\">\n        <ul><\/ul>    <\/div><!-- .entry-categories -->\n<\/article><!-- #post-9910 -->\n<article id=\"post-9801\" class=\"teaser-article post-9801 post type-post status-publish format-standard has-post-thumbnail hentry category-sin-categorizar categoria_terraqui-biodiversidad tipo_de_entrada-destacado tipo_de_entrada-noticias\">\n    <div class=\"teaser-media\">\n       <a href=\"https:\/\/www.terraqui.com\/ca\/actualidad\/se-aplaza-y-simplifica-el-reglamento-de-deforestacion\/\" rel=\"bookmark\"><img decoding=\"async\" width=\"654\" height=\"405\" src=\"https:\/\/www.terraqui.com\/wp\/wp-content\/uploads\/2025\/12\/marita-kavelashvili-ugnrXk1129g-unsplash-654x405.jpg\" class=\"attachment-thumbnail size-thumbnail wp-post-image\" alt=\"\" \/><\/a> \n        <div class=\"teaser-tipus\">\n            <a style=\"background-image:url(https:\/\/www.terraqui.com\/wp\/wp-content\/uploads\/2025\/12\/marita-kavelashvili-ugnrXk1129g-unsplash-654x405.jpg);\" href=\"https:\/\/www.terraqui.com\/tipo-de-entrada\/noticias\/\">Noticia<\/a>         <\/div>\n\n        <p class=\"teaser-llegir-mes\">\n            <a href=\"https:\/\/www.terraqui.com\/ca\/actualidad\/se-aplaza-y-simplifica-el-reglamento-de-deforestacion\/\" rel=\"bookmark\">Llegir m\u00e9s<\/a>\n        <\/p>\n    <\/div>\n\n    <!-- .entry-tipo-de-entrada -->\n    <header class=\"teaser-header\">\n        <div class=\"post-data\">\n            <time datetime=\"2025-12-23T11:07:39+01:00\">23.12.2025<\/time>        <\/div><!-- .entry-meta -->\n\n        <h2 class=\"teaser-titol\">\n            <a href=\"https:\/\/www.terraqui.com\/ca\/actualidad\/se-aplaza-y-simplifica-el-reglamento-de-deforestacion\/\" rel=\"bookmark\">Se aplaza y simplifica el Reglamento de deforestaci\u00f3n<\/a>\n        <\/h2>\n    <\/header><!-- .entry-header -->\n\n    <div class=\"post-categories\">\n        <ul>                    <li>\n                        <a href=\"https:\/\/www.terraqui.com\/ca\/actualitat\/?categoria_terraqui=biodiversidad\" class=\"category-link\">Biodiversidad<\/a>\n                    <\/li>\n                    <\/ul>    <\/div><!-- .entry-categories -->\n<\/article><!-- #post-9801 -->\n<article id=\"post-9706\" class=\"teaser-article post-9706 post type-post status-publish format-standard has-post-thumbnail hentry category-sin-categorizar categoria_terraqui-terraqui tipo_de_entrada-articulos tipo_de_entrada-destacado\">\n    <div class=\"teaser-media\">\n       <a href=\"https:\/\/www.terraqui.com\/ca\/actualidad\/que-normativa-se-espera-para-2026\/\" rel=\"bookmark\"><img decoding=\"async\" width=\"654\" height=\"405\" src=\"https:\/\/www.terraqui.com\/wp\/wp-content\/uploads\/2025\/12\/terraqui.com-2-654x405.jpg\" class=\"attachment-thumbnail size-thumbnail wp-post-image\" alt=\"terraqui.com - Derecho Ambiental\" \/><\/a> \n        <div class=\"teaser-tipus\">\n            <a style=\"background-image:url(https:\/\/www.terraqui.com\/wp\/wp-content\/uploads\/2025\/12\/terraqui.com-2-654x405.jpg);\" href=\"https:\/\/www.terraqui.com\/tipo-de-entrada\/articulos\/\">Art\u00edculo<\/a>         <\/div>\n\n        <p class=\"teaser-llegir-mes\">\n            <a href=\"https:\/\/www.terraqui.com\/ca\/actualidad\/que-normativa-se-espera-para-2026\/\" rel=\"bookmark\">Llegir m\u00e9s<\/a>\n        <\/p>\n    <\/div>\n\n    <!-- .entry-tipo-de-entrada -->\n    <header class=\"teaser-header\">\n        <div class=\"post-data\">\n            <time datetime=\"2025-12-11T17:59:16+01:00\">11.12.2025<\/time>        <\/div><!-- .entry-meta -->\n\n        <h2 class=\"teaser-titol\">\n            <a href=\"https:\/\/www.terraqui.com\/ca\/actualidad\/que-normativa-se-espera-para-2026\/\" rel=\"bookmark\">\u00bfQu\u00e9 normativa se espera para 2026?<\/a>\n        <\/h2>\n    <\/header><!-- .entry-header -->\n\n    <div class=\"post-categories\">\n        <ul><\/ul>    <\/div><!-- .entry-categories -->\n<\/article><!-- #post-9706 --><\/div>\n          <\/section>\n          \n\n\n\n        <div class=\"servicios-lista\">\n            <div class=\"wrap\">\n                <h2>Treballem en<\/h2>\n                <div class=\"categorias-terraqui\">\n                    <ol class=\"categoria-terraqui-terms\">\n                                            <li><a href=\"https:\/\/www.terraqui.com\/ca\/servicios\/canvi-climatic-i-transicio-energetica\/\">Canvi clim\u00e0tic i transici\u00f3 energ\u00e8tica<\/a><\/li>\n                                            <li><a href=\"https:\/\/www.terraqui.com\/ca\/servicios\/biodiversitat-i-ecosistemes\/\">Biodiversitat i ecosistemes<\/a><\/li>\n                                            <li><a href=\"https:\/\/www.terraqui.com\/ca\/servicios\/proteccio-i-gestio-de-les-aigues\/\">Protecci\u00f3 i gesti\u00f3 de les aig\u00fces<\/a><\/li>\n                                            <li><a href=\"https:\/\/www.terraqui.com\/ca\/servicios\/economia-circular-i-gestio-de-residus\/\">Economia circular i gesti\u00f3 de residus<\/a><\/li>\n                                            <li><a href=\"https:\/\/www.terraqui.com\/ca\/servicios\/activitats-sostenibles\/\">Activitats sostenibles<\/a><\/li>\n                                            <li><a href=\"https:\/\/www.terraqui.com\/ca\/servicios\/consum-i-productes-sostenibles\/\">Consum i productes sostenibles<\/a><\/li>\n                                            <li><a href=\"https:\/\/www.terraqui.com\/ca\/servicios\/ordenacio-del-territori-i-urbanisme\/\">Ordenaci\u00f3 del territori i urbanisme<\/a><\/li>\n                                            <li><a href=\"https:\/\/www.terraqui.com\/ca\/servicios\/contaminacio-i-danys-ambientals\/\">Contaminaci\u00f3 i danys ambientals<\/a><\/li>\n                                        <\/ol>\n                <\/div>\n            <\/div>\n        <\/div>\n\n\n\n        \n","protected":false},"excerpt":{"rendered":"<p>Despatx d\u2019advocacia especialitzat en dret ambiental Generem coneixement jur\u00eddic per a la sostenibilitat<\/p>\n","protected":false},"author":1,"featured_media":0,"parent":0,"menu_order":0,"comment_status":"closed","ping_status":"closed","template":"","meta":{"footnotes":""},"class_list":["post-5101","page","type-page","status-publish","hentry"],"_links":{"self":[{"href":"https:\/\/www.terraqui.com\/ca\/wp-json\/wp\/v2\/pages\/5101","targetHints":{"allow":["GET"]}}],"collection":[{"href":"https:\/\/www.terraqui.com\/ca\/wp-json\/wp\/v2\/pages"}],"about":[{"href":"https:\/\/www.terraqui.com\/ca\/wp-json\/wp\/v2\/types\/page"}],"author":[{"embeddable":true,"href":"https:\/\/www.terraqui.com\/ca\/wp-json\/wp\/v2\/users\/1"}],"replies":[{"embeddable":true,"href":"https:\/\/www.terraqui.com\/ca\/wp-json\/wp\/v2\/comments?post=5101"}],"version-history":[{"count":5,"href":"https:\/\/www.terraqui.com\/ca\/wp-json\/wp\/v2\/pages\/5101\/revisions"}],"predecessor-version":[{"id":6129,"href":"https:\/\/www.terraqui.com\/ca\/wp-json\/wp\/v2\/pages\/5101\/revisions\/6129"}],"wp:attachment":[{"href":"https:\/\/www.terraqui.com\/ca\/wp-json\/wp\/v2\/media?parent=5101"}],"curies":[{"name":"wp","href":"https:\/\/api.w.org\/{rel}","templated":true}]}}